{"id":182123,"date":"2024-06-03T16:45:46","date_gmt":"2024-06-03T14:45:46","guid":{"rendered":"https:\/\/accept.iffr.com\/nl\/?page_id=182123"},"modified":"2024-06-03T17:28:43","modified_gmt":"2024-06-03T15:28:43","slug":"feiten-cijfers-2022-2023","status":"publish","type":"page","link":"https:\/\/accept.iffr.com\/nl\/over-ons\/jaarverslagen\/feiten-cijfers-2022-2023","title":{"rendered":"Feiten &amp; cijfers 2022\u20132023"},"content":{"rendered":"\n<p class=\"has-intro-font-size\">Na twee online edities bracht IFFR 2023 voor het eerst in drie jaar publiek en filmmakers van heinde en verre samen voor een volledige fysieke editie van 25 januari t\/m 5 februari 2023. Met een breed filmprogramma, kunstinstallaties, Talks en meer, was deze 52ste editie een ware viering van de kracht van cinema en alles wat het kan zijn.<\/p>\n\n\n\n<h2 class=\"wp-block-heading\">IFFR 2023 award winnaars<\/h2>\n\n\n\n<figure class=\"wp-block-image\"><img decoding=\"async\" src=\"https:\/\/ik.imagekit.io\/efa0ri0ffl\/iffr-production\/drupal\/public\/media-images\/2023-05\/230418%20factsfigures1.jpg\" alt=\"award winnaars 2023\"\/><\/figure>\n\n\n\n<p>Zowel IFFR\u2019s bekende Tiger Competition als de Big Screen Competition werden dit jaar uitgebreid naar 16 titles. Voor de Ammodo Tiger Short Competition werden 24 korte- en middellange films geselecteerd, waarvan er drie een Tiger Short Award ontvingen op zondag 29 januari 2023. De winnaars van de Tiger en Big Screen competities, evenals de FIPRESCI Award, KNF Award en NETPAC Award werden tijdens de Awards Ceremony op vrijdag 3 februari 2023 bekendgemaakt. De Robby M\u00fcller Award werd dit jaar toegekend aan de Franse director of photography H\u00e9l\u00e8ne Louvart, zij nam deze in ontvangst voorafgaand aan haar Talk tijdens het festival.<\/p>\n\n\n\n<h2 class=\"wp-block-heading\">Het festivalprogramma IFFR 2023<\/h2>\n\n\n\n<figure class=\"wp-block-image\"><img decoding=\"async\" src=\"https:\/\/ik.imagekit.io\/efa0ri0ffl\/iffr-production\/drupal\/public\/media-images\/2023-05\/230418%20factsfigures2.jpg\" alt=\"2023 programme statistics\"\/><\/figure>\n\n\n\n<figure class=\"wp-block-image\"><img decoding=\"async\" src=\"https:\/\/ik.imagekit.io\/efa0ri0ffl\/iffr-production\/drupal\/public\/media-images\/2023-05\/230418%20factsfigures3.jpg\" alt=\"2023 premiere statistics\"\/><\/figure>\n\n\n\n<p>Het filmprogramma voor publiek van deze 52ste editie bestond uit 455 films. Naast het filmprogramma waren er 6 kunstinstallaties (waaronder Steve McQueens&nbsp;<em>Sunshine State<\/em>, gemaakt in opdracht van IFFR), 7 performances en 5 Immersive Media projecten te bezoeken als onderdeel van het Art Directions programma. Ook het IFFR Talks programma was terug in fysieke vorm, met 15 gesprekken en panels die tijdens het festival plaatsvonden en waarvan het merendeel achteraf wereldwijd gratis online beschikbaar is gemaakt.<\/p>\n\n\n\n<p>De geselecteerde films voor IFFR 2023 waren afkomstig uit 91 verschillende landen (een substanti\u00eble groei ten opzichte van 66 in 2021 en 61 in 2022). Wat betreft de genderbalans was er vrijwel een 50\/50 balans terug te vinden in de Tiger Competition en het Bright Future programma (beiden toegespitst op nieuw talent), zowel als het Short &amp; Mid-length programma.<\/p>\n\n\n\n<h2 class=\"wp-block-heading\">Educatie<\/h2>\n\n\n\n<figure class=\"wp-block-image\"><img decoding=\"async\" src=\"https:\/\/ik.imagekit.io\/efa0ri0ffl\/iffr-production\/drupal\/public\/media-images\/2023-05\/230418%20factsfigures4.jpg\" alt=\"education statistics\"\/><\/figure>\n\n\n\n<p>Sinds september 2021 werken IFFR en LantarenVenster (LV) samen als educatiepartners en zetten wij ons in om er te zijn voor alle Rotterdamse scholieren en studenten. Er is ingezet op fysieke bezoeken van scholieren en studenten (PO, VO &amp; MBO) en verdieping middels online lesmateriaal voor docenten, naast het reeds bestaande online aanbod. Nieuw is de samenwerking met Cultureel Centrum Islamunda voor speciaal- en praktijkonderwijs en daarnaast zijn de cultuurcoach trajecten voortgezet bij PO en MBO. Voor uitbreiding in de regio Rotterdam wordt samengewerkt met verschillende culturele instellingen, scholen en filmhuizen.&nbsp;<\/p>\n\n\n\n<p>Naast onze fysieke educatie activiteiten werden er vele online lessen gegeven in de klaslokalen, doordat er aan het begin van 2022 nog corona beperkingen opgelegd waren. Deze aantallen liggen hierdoor\u00a0 behoorlijk hoog; de online lessen hebben een bereik gehad van 241.655 leerlingen en studenten. Wij kunnen terugkijken op een uitermate succesvol jaar op het gebied van filmeducatie, waarbij ook de bekendheid van het educatieprogramma onder bezoekers met 30% steeg.<\/p>\n\n\n\n<h2 class=\"wp-block-heading\">Het Hubert Bals Fonds<\/h2>\n\n\n\n<figure class=\"wp-block-image\"><img decoding=\"async\" src=\"https:\/\/ik.imagekit.io\/efa0ri0ffl\/iffr-production\/drupal\/public\/media-images\/2023-05\/230418%20factsfigures5.jpg\" alt=\"HBF statistics\"\/><\/figure>\n\n\n\n<p>Het Hubert Bals Fonds steunt filmmakers uit Afrika, Azi\u00eb, Latijns-Amerika, het Midden-Oosten en delen van Oost-Europa bij het maken van films in elke fase van het proces \u2013 van scenario tot postproductie. Het fonds heeft over de afgelopen dertig jaar een eigenzinnige smaak ontwikkeld voor filmmakers met een vooruitstrevende artistieke visie.<\/p>\n\n\n\n<p>Er waren dit jaar drie verschillende support schemes als onderdeel van HBF. In het voorjaar en in het najaar werden er in totaal 20 projecten gekozen voor HBF Script &amp; Development Support, zij ontvingen elk \u20ac10.000. Ook werden er in het voor- en najaar in totaal vier projecten geselecteerd voor de NFF+HBF Co-production scheme, zij ontvingen elk \u20ac75.000. Tot slot kregen 6 projecten in het najaar elk \u20ac60.000 via het HBF+Europe: Minority Co-production Support scheme.<\/p>\n\n\n\n<h2 class=\"wp-block-heading\">Publieksbetrokkenheid<\/h2>\n\n\n\n<figure class=\"wp-block-image\"><img decoding=\"async\" src=\"https:\/\/ik.imagekit.io\/efa0ri0ffl\/iffr-production\/drupal\/public\/media-images\/2023-05\/230418%20factsfigures6.jpg\" alt=\"statistieken publiek\"\/><\/figure>\n\n\n\n<figure class=\"wp-block-image\"><img decoding=\"async\" src=\"https:\/\/ik.imagekit.io\/efa0ri0ffl\/iffr-production\/drupal\/public\/media-images\/2023-05\/230418%20factsfigures7.jpg\" alt=\"statistieken online interactie publiek\"\/><\/figure>\n\n\n\n<p>Na twee edities onder COVID-19 restricties georganiseerd te hebben in aangepaste vorm kon IFFR 2023 voor het eerst weer in zijn volledigheid als fysiek evenement plaatsvinden. IFFR kijkt dan ook met grote tevredenheid terug op het afgelopen festival, dat 283.506 bezoeken registreerde \u2013 waarvan 8.871 middels het in 2020 met IDFA, Cinekid en NFF opgezette online streaming platform waarop 25 films uit het 2023 programma te zien waren in Nederland. Hiermee is het aantal van 340.000 van voor de pandemie nog niet bereikt, maar is er een mooi herstel te concluderen in vergelijking met 2022 (180.637) en 2021 (271.105, twee evenementen in februari en juni).&nbsp;<\/p>\n\n\n\n<p>Ook het publiek was tevreden met IFFR 2023. Zij waardeerden het festival met een 7.9, een stijging ten opzichte van 2022 (7.6) en 2021 (7.7), waarmee we ook daar een herstel zien richting de 8.4 waardering van 2020. Daarnaast was er een opmerkelijke tevredenheid onder bezoekers van het filmprogramma, waarbij maar liefst 84% van de bezoekers (zeer) tevreden is met het aanbod. Dit is aanzienlijk hoger dan IFFR 2022 (+9%) en ook ten opzichte van IFFR 2020 (+3%).<\/p>\n\n\n\n<h2 class=\"wp-block-heading\">Industrie<\/h2>\n\n\n\n<figure class=\"wp-block-image\"><img decoding=\"async\" src=\"https:\/\/ik.imagekit.io\/efa0ri0ffl\/iffr-production\/drupal\/public\/media-images\/2023-05\/230418%20factsfigures8.jpg\" alt=\"IFFR Pro statistieken\"\/><\/figure>\n\n\n\n<p>De focus van IFFR Pro ligt op netwerken, community building en interactiviteit met en tussen professionals. De nadruk dit jaar lag op een fysieke bijeenkomst in Rotterdam, maar een aantal online elementen hebben we behouden, omdat deze de toegankelijkheid vergroten en de bestaande programma\u2019s versterken.&nbsp;<\/p>\n\n\n\n<p>IFFR Pro bestond uit de volgende kernactiviteiten: de co-productiemarkt CineMart, met als nieuwe toevoeging de IFFR Pro Darkroom, de talentontwikkeling programma\u2019s Rotterdam Lab, BoostNL, Creative Producer Indaba, de thinktank Reality Check en de Pro Hub. Concreet betekent dit ondersteuning van filmmakers en het zichtbaar maken van hun films, het bieden van een platform voor industrie professionals in het faciliteren van hun netwerk, one-to-one meetings, workshops en masterclasses en debat en gesprekken (IFFR Pro Dialogues). Daarbij werd ingezet op een overzichtelijk en kwalitatief hoogstaand programma, waarbij zelfreflectie en het toekomstbestendig maken van de sector een rode draad vormde. Tijdens Reality Check: Film Festivals Forward werd de rol van filmfestivals, die onder de corona crisis sterk te lijden hadden, onder de\u00a0 loep genomen. In een besloten setting spraken vertegenwoordigers van filmfestivals, producenten, makers, distributeurs en instituten open en vrij over hun zorgen, best practices en het belang van samenwerking. \u00a0<\/p>\n\n\n\n<h2 class=\"wp-block-heading\">Pers &amp; PR<\/h2>\n\n\n\n<figure class=\"wp-block-image\"><img decoding=\"async\" src=\"https:\/\/ik.imagekit.io\/efa0ri0ffl\/iffr-production\/drupal\/public\/media-images\/2023-05\/230418%20factsfigures9-2.jpg\" alt=\"Press &amp; PR statistieken\"\/><\/figure>\n\n\n\n<p>Tijdens IFFR 2023 bezochten 296 geaccrediteerde persleden uit 44 landen het festival. De pers zorgde voor een grote hoeveelheid kwaliteitsreportages, waaronder interviews, reviews, recensies en festivalverslagen.&nbsp;<\/p>\n\n\n\n<p>Op 19 december organiseerde het festival een programmagerichte persconferentie waarin het 2023 filmprogramma werd aangekondigd. Tijdens het festival presenteerden we onze Tiger Competition-titels gedurende vier persconferenties, waarin David Jenkins, redacteur van&nbsp;<em>Little White Lies<\/em>, in gesprek ging met de filmmakers.&nbsp;<\/p>\n\n\n\n<p>Het verjongen en aantrekken van een meer divers publiek is een van de speerpunten van IFFR en kreeg afgelopen jaar extra aandacht door middel van initiatieven als het Media Outreach &amp; Inclusion Scheme en de Ambassadors.<\/p>\n\n\n\n<p>Ook werkten we dit jaar wederom samen met mediapartners als Screen International, Variety, de Volkskrant en de VPRO.<\/p>\n","protected":false},"excerpt":{"rendered":"<p>Na twee online edities bracht IFFR 2023 voor het eerst in drie jaar publiek en filmmakers van heinde en verre samen voor een volledige fysieke editie van 25 januari t\/m 5 februari 2023. Met een breed filmprogramma, kunstinstallaties, Talks en meer, was deze 52ste editie een ware viering van de kracht van cinema en alles [&hellip;]<\/p>\n","protected":false},"author":8,"featured_media":0,"parent":132516,"menu_order":0,"comment_status":"closed","ping_status":"closed","template":"","meta":{"_acf_changed":false,"editor_notices":[],"footnotes":""},"class_list":["post-182123","page","type-page","status-publish","hentry"],"acf":[],"yoast_head":"<!-- This site is optimized with the Yoast SEO plugin v27.1.1 - https:\/\/yoast.com\/product\/yoast-seo-wordpress\/ -->\n<title>Feiten &amp; cijfers 2022\u20132023 - IFFR<\/title>\n<meta name=\"robots\" content=\"noindex, follow, max-snippet:-1, max-image-preview:large, max-video-preview:-1\" \/>\n<meta property=\"og:locale\" content=\"nl_NL\" \/>\n<meta property=\"og:type\" content=\"article\" \/>\n<meta property=\"og:title\" content=\"Feiten &amp; cijfers 2022\u20132023 - IFFR\" \/>\n<meta property=\"og:description\" content=\"Na twee online edities bracht IFFR 2023 voor het eerst in drie jaar publiek en filmmakers van heinde en verre samen voor een volledige fysieke editie van 25 januari t\/m 5 februari 2023. Met een breed filmprogramma, kunstinstallaties, Talks en meer, was deze 52ste editie een ware viering van de kracht van cinema en alles [&hellip;]\" \/>\n<meta property=\"og:url\" content=\"https:\/\/accept.iffr.com\/nl\/over-ons\/jaarverslagen\/feiten-cijfers-2022-2023\" \/>\n<meta property=\"og:site_name\" content=\"IFFR\" \/>\n<meta property=\"article:modified_time\" content=\"2024-06-03T15:28:43+00:00\" \/>\n<meta property=\"og:image\" content=\"https:\/\/ik.imagekit.io\/efa0ri0ffl\/iffr-production\/drupal\/public\/media-images\/2023-05\/230418%20factsfigures1.jpg\" \/>\n<meta name=\"twitter:card\" content=\"summary_large_image\" \/>\n<meta name=\"twitter:label1\" content=\"Geschatte leestijd\" \/>\n\t<meta name=\"twitter:data1\" content=\"8 minuten\" \/>\n<script type=\"application\/ld+json\" class=\"yoast-schema-graph\">{\"@context\":\"https:\/\/schema.org\",\"@graph\":[{\"@type\":\"WebPage\",\"@id\":\"https:\/\/accept.iffr.com\/nl\/over-ons\/jaarverslagen\/feiten-cijfers-2022-2023\",\"url\":\"https:\/\/accept.iffr.com\/nl\/over-ons\/jaarverslagen\/feiten-cijfers-2022-2023\",\"name\":\"Feiten &amp; cijfers 2022\u20132023 - IFFR\",\"isPartOf\":{\"@id\":\"https:\/\/accept.iffr.com\/nl\/#website\"},\"primaryImageOfPage\":{\"@id\":\"https:\/\/accept.iffr.com\/nl\/over-ons\/jaarverslagen\/feiten-cijfers-2022-2023#primaryimage\"},\"image\":{\"@id\":\"https:\/\/accept.iffr.com\/nl\/over-ons\/jaarverslagen\/feiten-cijfers-2022-2023#primaryimage\"},\"thumbnailUrl\":\"https:\/\/ik.imagekit.io\/efa0ri0ffl\/iffr-production\/drupal\/public\/media-images\/2023-05\/230418%20factsfigures1.jpg\",\"datePublished\":\"2024-06-03T14:45:46+00:00\",\"dateModified\":\"2024-06-03T15:28:43+00:00\",\"breadcrumb\":{\"@id\":\"https:\/\/accept.iffr.com\/nl\/over-ons\/jaarverslagen\/feiten-cijfers-2022-2023#breadcrumb\"},\"inLanguage\":\"nl-NL\",\"potentialAction\":[{\"@type\":\"ReadAction\",\"target\":[\"https:\/\/accept.iffr.com\/nl\/over-ons\/jaarverslagen\/feiten-cijfers-2022-2023\"]}]},{\"@type\":\"ImageObject\",\"inLanguage\":\"nl-NL\",\"@id\":\"https:\/\/accept.iffr.com\/nl\/over-ons\/jaarverslagen\/feiten-cijfers-2022-2023#primaryimage\",\"url\":\"https:\/\/ik.imagekit.io\/efa0ri0ffl\/iffr-production\/drupal\/public\/media-images\/2023-05\/230418%20factsfigures1.jpg\",\"contentUrl\":\"https:\/\/ik.imagekit.io\/efa0ri0ffl\/iffr-production\/drupal\/public\/media-images\/2023-05\/230418%20factsfigures1.jpg\"},{\"@type\":\"BreadcrumbList\",\"@id\":\"https:\/\/accept.iffr.com\/nl\/over-ons\/jaarverslagen\/feiten-cijfers-2022-2023#breadcrumb\",\"itemListElement\":[{\"@type\":\"ListItem\",\"position\":1,\"name\":\"Home\",\"item\":\"https:\/\/accept.iffr.com\/nl\/\"},{\"@type\":\"ListItem\",\"position\":2,\"name\":\"Over ons\",\"item\":\"https:\/\/accept.iffr.com\/nl\/over-ons\"},{\"@type\":\"ListItem\",\"position\":3,\"name\":\"Jaarverslagen\",\"item\":\"https:\/\/accept.iffr.com\/nl\/over-ons\/jaarverslagen\"},{\"@type\":\"ListItem\",\"position\":4,\"name\":\"Feiten &amp; cijfers 2022\u20132023\"}]},{\"@type\":\"WebSite\",\"@id\":\"https:\/\/accept.iffr.com\/nl\/#website\",\"url\":\"https:\/\/accept.iffr.com\/nl\/\",\"name\":\"IFFR\",\"description\":\"\",\"potentialAction\":[{\"@type\":\"SearchAction\",\"target\":{\"@type\":\"EntryPoint\",\"urlTemplate\":\"https:\/\/accept.iffr.com\/nl\/?s={search_term_string}\"},\"query-input\":{\"@type\":\"PropertyValueSpecification\",\"valueRequired\":true,\"valueName\":\"search_term_string\"}}],\"inLanguage\":\"nl-NL\"}]}<\/script>\n<!-- \/ Yoast SEO plugin. -->","yoast_head_json":{"title":"Feiten &amp; cijfers 2022\u20132023 - IFFR","robots":{"index":"noindex","follow":"follow","max-snippet":"max-snippet:-1","max-image-preview":"max-image-preview:large","max-video-preview":"max-video-preview:-1"},"og_locale":"nl_NL","og_type":"article","og_title":"Feiten &amp; cijfers 2022\u20132023 - IFFR","og_description":"Na twee online edities bracht IFFR 2023 voor het eerst in drie jaar publiek en filmmakers van heinde en verre samen voor een volledige fysieke editie van 25 januari t\/m 5 februari 2023. Met een breed filmprogramma, kunstinstallaties, Talks en meer, was deze 52ste editie een ware viering van de kracht van cinema en alles [&hellip;]","og_url":"https:\/\/accept.iffr.com\/nl\/over-ons\/jaarverslagen\/feiten-cijfers-2022-2023","og_site_name":"IFFR","article_modified_time":"2024-06-03T15:28:43+00:00","og_image":[{"url":"https:\/\/ik.imagekit.io\/efa0ri0ffl\/iffr-production\/drupal\/public\/media-images\/2023-05\/230418%20factsfigures1.jpg","type":"","width":"","height":""}],"twitter_card":"summary_large_image","twitter_misc":{"Geschatte leestijd":"8 minuten"},"schema":{"@context":"https:\/\/schema.org","@graph":[{"@type":"WebPage","@id":"https:\/\/accept.iffr.com\/nl\/over-ons\/jaarverslagen\/feiten-cijfers-2022-2023","url":"https:\/\/accept.iffr.com\/nl\/over-ons\/jaarverslagen\/feiten-cijfers-2022-2023","name":"Feiten &amp; cijfers 2022\u20132023 - IFFR","isPartOf":{"@id":"https:\/\/accept.iffr.com\/nl\/#website"},"primaryImageOfPage":{"@id":"https:\/\/accept.iffr.com\/nl\/over-ons\/jaarverslagen\/feiten-cijfers-2022-2023#primaryimage"},"image":{"@id":"https:\/\/accept.iffr.com\/nl\/over-ons\/jaarverslagen\/feiten-cijfers-2022-2023#primaryimage"},"thumbnailUrl":"https:\/\/ik.imagekit.io\/efa0ri0ffl\/iffr-production\/drupal\/public\/media-images\/2023-05\/230418%20factsfigures1.jpg","datePublished":"2024-06-03T14:45:46+00:00","dateModified":"2024-06-03T15:28:43+00:00","breadcrumb":{"@id":"https:\/\/accept.iffr.com\/nl\/over-ons\/jaarverslagen\/feiten-cijfers-2022-2023#breadcrumb"},"inLanguage":"nl-NL","potentialAction":[{"@type":"ReadAction","target":["https:\/\/accept.iffr.com\/nl\/over-ons\/jaarverslagen\/feiten-cijfers-2022-2023"]}]},{"@type":"ImageObject","inLanguage":"nl-NL","@id":"https:\/\/accept.iffr.com\/nl\/over-ons\/jaarverslagen\/feiten-cijfers-2022-2023#primaryimage","url":"https:\/\/ik.imagekit.io\/efa0ri0ffl\/iffr-production\/drupal\/public\/media-images\/2023-05\/230418%20factsfigures1.jpg","contentUrl":"https:\/\/ik.imagekit.io\/efa0ri0ffl\/iffr-production\/drupal\/public\/media-images\/2023-05\/230418%20factsfigures1.jpg"},{"@type":"BreadcrumbList","@id":"https:\/\/accept.iffr.com\/nl\/over-ons\/jaarverslagen\/feiten-cijfers-2022-2023#breadcrumb","itemListElement":[{"@type":"ListItem","position":1,"name":"Home","item":"https:\/\/accept.iffr.com\/nl\/"},{"@type":"ListItem","position":2,"name":"Over ons","item":"https:\/\/accept.iffr.com\/nl\/over-ons"},{"@type":"ListItem","position":3,"name":"Jaarverslagen","item":"https:\/\/accept.iffr.com\/nl\/over-ons\/jaarverslagen"},{"@type":"ListItem","position":4,"name":"Feiten &amp; cijfers 2022\u20132023"}]},{"@type":"WebSite","@id":"https:\/\/accept.iffr.com\/nl\/#website","url":"https:\/\/accept.iffr.com\/nl\/","name":"IFFR","description":"","potentialAction":[{"@type":"SearchAction","target":{"@type":"EntryPoint","urlTemplate":"https:\/\/accept.iffr.com\/nl\/?s={search_term_string}"},"query-input":{"@type":"PropertyValueSpecification","valueRequired":true,"valueName":"search_term_string"}}],"inLanguage":"nl-NL"}]}},"_links":{"self":[{"href":"https:\/\/accept.iffr.com\/nl\/wp-json\/wp\/v2\/pages\/182123"}],"collection":[{"href":"https:\/\/accept.iffr.com\/nl\/wp-json\/wp\/v2\/pages"}],"about":[{"href":"https:\/\/accept.iffr.com\/nl\/wp-json\/wp\/v2\/types\/page"}],"author":[{"embeddable":true,"href":"https:\/\/accept.iffr.com\/nl\/wp-json\/wp\/v2\/users\/8"}],"replies":[{"embeddable":true,"href":"https:\/\/accept.iffr.com\/nl\/wp-json\/wp\/v2\/comments?post=182123"}],"version-history":[{"count":2,"href":"https:\/\/accept.iffr.com\/nl\/wp-json\/wp\/v2\/pages\/182123\/revisions"}],"predecessor-version":[{"id":182126,"href":"https:\/\/accept.iffr.com\/nl\/wp-json\/wp\/v2\/pages\/182123\/revisions\/182126"}],"up":[{"embeddable":true,"href":"https:\/\/accept.iffr.com\/nl\/wp-json\/wp\/v2\/pages\/132516"}],"wp:attachment":[{"href":"https:\/\/accept.iffr.com\/nl\/wp-json\/wp\/v2\/media?parent=182123"}],"curies":[{"name":"wp","href":"https:\/\/api.w.org\/{rel}","templated":true}]}}